{"id":256,"date":"2021-10-01T16:21:24","date_gmt":"2021-10-01T14:21:24","guid":{"rendered":"https:\/\/custom.honnerdesign.com\/?page_id=256"},"modified":"2021-10-12T20:17:18","modified_gmt":"2021-10-12T18:17:18","slug":"zasady-ochrany-osobnich-udaju","status":"publish","type":"page","link":"https:\/\/custom.honnerdesign.com\/de\/zasady-ochrany-osobnich-udaju\/","title":{"rendered":"Bedingungen zum Schutz personenbezogener Daten"},"content":{"rendered":"<p>1. Der Verwalter der personenbezogenen Daten nach Art. 4 Absatz 7 der Verordnung des Europ\u00e4ischen Parlaments und des Rates (EU) 2016\/679 vom 27.\u00a0April 2016 \u00fcber den Schutz der physischen Personen im Zusammenhang mit der Verarbeitung der personenbezogenen Daten und Datenschutz-Grundverordnung (im Folgendem als \u201eDSGDO\u201c bezeichnet) ist ein Online-Shop: <a href=\"https:\/\/eshop.honnerdesign.com\/de\/\">https:\/\/eshop.honnerdesign.com\/de\/<\/a>, verwaltet von Ji\u0159\u00ed Honner (im Folgenden als \u201eVerwalter\u201c bezeichnet).<\/p>\r\n<p>&nbsp;<\/p>\r\n<p>2. Die Kontaktdaten des Verwalters sind:<\/p>\r\n<p>Ji\u0159\u00ed Honner<br \/>Brani\u0161ov 60<br \/>373&nbsp;84 Dubn\u00e9<\/p>\r\n<p>Ident.-Nr.: 63901030<br \/>USt-IdNr.: CZ6606011203<\/p>\r\n<p>E-mail: jirihonner@honnerdesign.com<\/p>\r\n<p>&nbsp;<\/p>\r\n<p>3. Unter den personenbezogenen Daten verstehen sich alle Informationen \u00fcber die identifizierte und identifizierbare physische Person; die identifizierbare physische Person ist die physische Person, die direkt oder indirekt identifiziert werden kann, insbesondere unter Bezugnahme auf eine bestimmte Kennung, z. B. Name, Ident.-Nr., Standortdaten, Netzwerkkennung oder ein oder mehrere besondere Elemente der physischen, physiologischen, genetischen, psychischen, \u00f6konomischen, kulturellen oder gesellschaftlichen Identit\u00e4t dieser physischen Person.<\/p>\r\n<p>&nbsp;<\/p>\r\n<p>4. Der Verwalter hat keinen Datenschutzbeauftragten ernannt.<\/p>\r\n<p>&nbsp;<\/p>\r\n<p>5. Der Verwalter bearbeitet ausschlie\u00dflich die pers\u00f6nlichen Daten, die ihm der K\u00e4ufer bereitgestellt hat oder die pers\u00f6nlichen Daten, die der Verwalter aufgrund der Erf\u00fcllung der Bestellung erhalten hat.<\/p>\r\n<p>&nbsp;<\/p>\r\n<p>6. Der Verwalter bearbeitet die Identifikations- und Kontaktdaten, die f\u00fcr die Erf\u00fcllung des Vertrages notwendig sind.<\/p>\r\n<p>&nbsp;<\/p>\r\n<h2>Rechtlicher Grund und Zweck der Verarbeitung personenbezogener Daten:<\/h2>\r\n<p>Der rechtliche Grund f\u00fcr die Verarbeitung personenbezogener Daten ist:<\/p>\r\n<p>Die Vertragserf\u00fcllung zwischen dem K\u00e4ufer und dem Verwalter nach dem Art. 6 Abs.\u00a01 Buchstabe b) DSGVO;<\/p>\r\n<ul>\r\n<li>das berechtigte Interesse des Verwalters f\u00fcr die Bereitstellung vom Direktmarketing (insbesondere das Versenden der gesch\u00e4ftlichen Mitteilungen und der Newsletter) nach Art. 6 Abs. 1 Buchstabe f) DSGVO<\/li>\r\n<li>Zustimmung des K\u00e4ufers mit der Verarbeitung zum Zweck der Bereitstellung vom Direktmarketing (insbesondere das Versenden der gesch\u00e4ftlichen Mitteilungen und Newsletter) nach Art. 6 Abs. 1 Buchstabe a) DSGVO in Verbindung mit \u00a7 7 Abs. 2 des Gesetzes Nr.\u00a0480\/2004 Slg., \u00fcber bestimmte Dienstleistungen der Informationsgesellschaft, falls keine Waren oder Dienstleistungen bestellt wurden.<\/li>\r\n<\/ul>\r\n<p>Der Zweck der Verarbeitung personenbezogener Daten ist:<\/p>\r\n<ul>\r\n<li>Abwicklung der Bestellung des K\u00e4ufers und Aus\u00fcbung von Rechten und Pflichten aus dem Vertragsverh\u00e4ltnis zwischen dem K\u00e4ufer und Verwalter; bei der Bestellung werden personenbezogene Daten ben\u00f6tigt, die f\u00fcr eine erfolgreiche Ausf\u00fchrung der Bestellung erforderlich sind (Name und Anschrift, Ansprechpartner), die Angabe personenbezogener Daten ist eine notwendige Voraussetzung f\u00fcr den Abschluss und die Erf\u00fcllung des Vertrages, ohne Angabe personenbezogener Daten ist es nicht m\u00f6glich den Vertrag abzuschlie\u00dfen oder ihn seitens des Verwalters zu erf\u00fcllen;<\/li>\r\n<li>Der Versand von Gesch\u00e4ftsnachrichten und Ausf\u00fchren anderer Marketingaktivit\u00e4ten.<\/li>\r\n<\/ul>\r\n<p>&nbsp;<\/p>\r\n<p>7. Seitens des Verwalters kommt es zur automatischen Einzelentscheidung im Sinne Art. 22 DSGVO. Der K\u00e4ufer erkl\u00e4rt sich ausdr\u00fccklich mit solcher Verarbeitung einverstanden.<\/p>\r\n<p>&nbsp;<\/p>\r\n<h2>Grunds\u00e4tze zur Verwendung von Cookies<\/h2>\r\n<p><strong>Was sind Cookies?<\/strong><\/p>\r\n<p>Cookies sind kleine Dateien, die \u00fcber einen Internet-Browser in Ihrem Ger\u00e4t gespeichert werden. Die in den Cookies enthaltenen Informationen werden vom Web-Server erstellt und k\u00f6nnen verwendet werden, wenn der Benutzer die Webseite erneut vom selben Ger\u00e4t aus besucht. Cookies sind dazu da, um Informationen \u00fcber das Verhalten des Benutzers auf der Webseite aufzuzeichnen. Es werden z. B. Login \u2013 Daten oder Klicks auf einzelne Links erfasst. Cookies enthalten keine sensiblen Daten.<\/p>\r\n<p><strong>Cookies werden vor allem verwendet f\u00fcr:<\/strong><\/p>\r\n<ul>\r\n<li>Benutzeridentifikation \u00fcber Netzwerkkennungen<\/li>\r\n<li>Beibehaltung der Benutzereinstellungen<\/li>\r\n<li>die Hilfe f\u00fcr die Benutzer<em>,<\/em> ihre Aufgaben auf der Webseite zu erledigen ohne Informationen erneut eingeben zu m\u00fcssen, wenn sie von Seite zu Seite \u00fcbergehen oder die Seite erneut besuchen<\/li>\r\n<li>die Suche von Fehlern und Bugs auf der Webseite \u2013 zum Aufzeichnen von Benutzeraktivit\u00e4ten<\/li>\r\n<li>die Erstellung von relevanten Marketing- und Werbeanzeigen f\u00fcr die Benutzer<\/li>\r\n<\/ul>\r\n<p><strong>Arten von Cookies<\/strong><\/p>\r\n<p>Cookies k\u00f6nnen nach der Dauer ihrer Speicherung und nach dem Subjekt geteilt werden, zu dem sie geh\u00f6ren.<\/p>\r\n<p>Nach der Speicherdauer werden die Cookies unterteilt in:<\/p>\r\n<ul>\r\n<li>kurzfristige Cookies, die beim Schlie\u00dfen des Internet \u2013 Browsers gel\u00f6scht werden<\/li>\r\n<li>Langzeit- Cookies, die f\u00fcr eine vorgegebene Zeit im Browser des Ger\u00e4tes gespeichert werden<\/li>\r\n<\/ul>\r\n<p>Dieser Zeitraum darf jedoch 13 Monate ab der letzten Verwendung von Cookies nicht \u00fcberschreiten. Man kann diese Art von Cookies manuell aus dem Browser l\u00f6schen.<\/p>\r\n<p>Je nach dem Subjekt, das die Cookies ausgibt, kann man sie teilen in:<\/p>\r\n<ul>\r\n<li>Erstanbieter \u2013 Cookies, die vom Webserver der aktuell besuchten Seite erstellt werden<\/li>\r\n<li>Cookies von Drittanbietern, die von einer anderen als der besuchten Dom\u00e4ne gespeichert werden. Dies ist \u00fcber einen Link, wie Google, Seznam, Facebook usw. m\u00f6glich, der au\u00dferhalb der Dom\u00e4ne gespeichert ist.<\/li>\r\n<\/ul>\r\n<p>&nbsp;<\/p>\r\n<h2>Zweck der Verarbeitung, Kategorie, Quellen und Empf\u00e4nger der personenbezogenen Daten<\/h2>\r\n<p>&nbsp;<\/p>\r\n<table  class=\" table table-hover\" >\r\n<tbody>\r\n<tr>\r\n<td>\r\n<p><strong>Rechtlicher Grund<\/strong><\/p>\r\n<\/td>\r\n<td>\r\n<p><strong>Zweck<\/strong><\/p>\r\n<\/td>\r\n<td>\r\n<p><strong>Daten<\/strong><\/p>\r\n<\/td>\r\n<td>\r\n<p><strong>Datenquelle<\/strong><\/p>\r\n<\/td>\r\n<td>\r\n<p><strong>Empf\u00e4nger personenbezogener Daten (Verarbeiter)<\/strong><\/p>\r\n<\/td>\r\n<\/tr>\r\n<tr>\r\n<td>\r\n<p>Ausf\u00fchrung des Vertrages<\/p>\r\n<\/td>\r\n<td>\r\n<p>Antwort auf die \u00fcber das Kontaktformular gesendete Anfrage<\/p>\r\n<\/td>\r\n<td>\r\n<p>Pers\u00f6nliche Daten von Kunden (E-Mail)<\/p>\r\n<\/td>\r\n<td>\r\n<p>Kontaktformular<\/p>\r\n<\/td>\r\n<td>\r\n<p>Subunternehmer, Mailing &#8211; Dienste, Cloud- Speicher<\/p>\r\n<\/td>\r\n<\/tr>\r\n<tr>\r\n<td>\r\n<p>Berechtigtes Interesse<\/p>\r\n<\/td>\r\n<td>\r\n<p>Direktmarketing anbieten (vor allem zum Versenden von Gesch\u00e4ftsnachrichten und Newsletter)<\/p>\r\n<\/td>\r\n<td>\r\n<p>Kontaktdaten von Kunden<\/p>\r\n<\/td>\r\n<td>\r\n<p>Informationen aus Bestellungen<\/p>\r\n<\/td>\r\n<td>\r\n<p>Mailing &#8211; Dienste, Cloud- Speicher, Subunternehmer<\/p>\r\n<\/td>\r\n<\/tr>\r\n<tr>\r\n<td>\r\n<p>Berechtigtes Interesse<\/p>\r\n<\/td>\r\n<td>\r\n<p>routinem\u00e4\u00dfige\u00a0 Verkehrsanalyse, Serverfehlererkennung und Verhinderung von Betr\u00fcgen und Serverangriffen<\/p>\r\n<\/td>\r\n<td>\r\n<p>W\u00e4hrend 50 Monaten: IP- Adressen und Webbrowserdaten, angezeigten Seiten und Aktivit\u00e4ten auf der Seite.<\/p>\r\n<\/td>\r\n<td>\r\n<p>Benutzerbewegungen auf der Webseite, Fehlerseitenaufruf<\/p>\r\n<\/td>\r\n<td>\r\n<p>Google Analytics, Webhosting \u2013 Dienste und ggf. weitere analytische Dienstleistungen<\/p>\r\n<\/td>\r\n<\/tr>\r\n<tr>\r\n<td>\r\n<p>Zustimmung<\/p>\r\n<\/td>\r\n<td>\r\n<p>Gezielte Werbung (Retargeting)<\/p>\r\n<\/td>\r\n<td>\r\n<p>W\u00e4hrend max. 13 Monaten: Cookies von Drittanbietern, IP- Adressen, Browser- und Webbrowser &#8211; Daten<\/p>\r\n<\/td>\r\n<td>\r\n<p>Anzeigen von bestimmten Seiten im Web<\/p>\r\n<\/td>\r\n<td>\r\n<p>Werbeplattformen, die Retargeting erm\u00f6glichen (AdWords, Sklik, Facebook)<\/p>\r\n<\/td>\r\n<\/tr>\r\n<tr>\r\n<td>\r\n<p>Zustimmung<\/p>\r\n<\/td>\r\n<td>\r\n<p>Erwerb von demografischen\u00dcbersichten in den Verkehrsstatistiken<\/p>\r\n<\/td>\r\n<td>\r\n<p>Cookies von Drittanbietern, demografische Daten (Alter, Geschlecht, Interessen, Kaufinteresse und andere Kategorien)<\/p>\r\n<\/td>\r\n<td>\r\n<p>Cookie &#8211; Datei DoubleClick, Werbe- ID Android, ID iOS f\u00fcr Werbetreibende<\/p>\r\n<\/td>\r\n<td>\r\n<p>Google Analytics<\/p>\r\n<\/td>\r\n<\/tr>\r\n<tr>\r\n<td>\r\n<p>Zustimmung<\/p>\r\n<\/td>\r\n<td>\r\n<p>Marketing und Web-Werbung<\/p>\r\n<\/td>\r\n<td>\r\n<p>E-Mails, Name potenzieller Kunden, IP \u2013 Adressen und andere technische Identifikatoren<\/p>\r\n<\/td>\r\n<td>\r\n<p>Newsletter- Formular<\/p>\r\n<\/td>\r\n<td>\r\n<p>Webhosting \u2013 Unternehmen und Dienstleistungen zum Versenden von E-Mails<\/p>\r\n<\/td>\r\n<\/tr>\r\n<\/tbody>\r\n<\/table>\r\n<p>&nbsp;<\/p>\r\n<h2>Verbot der Verwendung von Cookies<\/h2>\r\n<p>Bei der Verwaltung von Cookies k\u00f6nnen Sie sich \u00fcber Ihren Internetbrowser entscheiden, welche Sie aktivieren und welche Sie deaktivieren wollen. Sie k\u00f6nnen die Verwendung nur einiger oder aller Arten von Cookies gleichzeitig deaktivieren. Wie oben erw\u00e4hnt wurde, wenn Sie die Verwendung aller Cookies deaktivieren, kann es passieren, dass einige Teile unserer Webseiten nicht funktionieren werden.<\/p>\r\n<p>Weitere Informationen zum Verbot von Cookies und Einstellungen in einzelnen Browsern finden Sie hier:<\/p>\r\n<ul>\r\n<li><a href=\"https:\/\/support.google.com\/chrome\/answer\/95647?co=GENIE.Platform%3DDesktop&amp;hl=de\">Google Chrome<\/a><\/li>\r\n<li><a href=\"https:\/\/support.mozilla.org\/de\/kb\/cookies-informationen-websites-auf-ihrem-computer\">Mozilla Firefox<\/a><\/li>\r\n<li><a href=\"https:\/\/support.microsoft.com\/de-de\/windows\/l%C3%B6schen-und-verwalten-von-cookies-168dab11-0753-043d-7c16-ede5947fc64d\">Microsoft Edge<\/a><\/li>\r\n<li><a href=\"https:\/\/support.apple.com\/de-de\/guide\/safari\/sfri11471\/mac\">Safari<\/a><\/li>\r\n<li><a href=\"https:\/\/help.opera.com\/de\/latest\/web-preferences\/\">Opera<\/a><\/li>\r\n<\/ul>\r\n<p>&nbsp;<\/p>\r\n<p>8. Der Verwalter speichert personenbezogene Daten:<\/p>\r\n<ul>\r\n<li>f\u00fcr die Zeit, die zur Aus\u00fcbung der Rechte und Verpflichtungen n\u00f6tig ist, die sich aus dem Vertragsverh\u00e4ltnis zwischen dem K\u00e4ufer und dem Verwalter ergeben und die Inanspruchnahme aus diesen Vertragsverh\u00e4ltnissen,<\/li>\r\n<li>bis die Einwilligung zur Verarbeitung personenbezogener Daten zu Marketingzwecken f\u00fcr einen Zeitraum von maximal 10 Jahren widerrufen wird, wenn die personenbezogenen Daten aufgrund der Einwilligung\u00a0 verarbeitet werden.<\/li>\r\n<\/ul>\r\n<p>Nach der Aufbewahrungsfrist f\u00fcr personenbezogene Daten l\u00f6scht der Verwalter die personenbezogenen Daten.<\/p>\r\n<p>&nbsp;<\/p>\r\n<p>9. Die Empf\u00e4nger personenbezogener Daten k\u00f6nnen andere Personen sein, die an der Lieferung von Waren \/ Dienstleistungen \/ der Ausf\u00fchrung von Zahlungen auf der Grundlage eines Vertrags beteiligt sind.<\/p>\r\n<p>&nbsp;<\/p>\r\n<p>10. Der Verwalter beabsichtigt nicht personenbezogene Daten an ein Drittstaat (in ein Nicht-EU-Land) oder an eine internationale Organisation zu \u00fcbertragen.<\/p>\r\n<p>&nbsp;<\/p>\r\n<p>11. Rechte des K\u00e4ufers in Bezug auf die DSGVO unter folgenden Bedingungen:<\/p>\r\n<ul>\r\n<li>das Recht auf Zugang zu personenbezogenen Daten gem\u00e4\u00df Art. 15 der DSGVO<\/li>\r\n<li>das Recht zur Berichtigung personenbezogener Daten gem\u00e4\u00df Art. 16 der DSGVO<\/li>\r\n<li>das Recht, personenbezogene Daten gem\u00e4\u00df Art. 17 der DSGVO zu l\u00f6schen<\/li>\r\n<li>das Recht, die Verarbeitung gem\u00e4\u00df Art. 18 der DSGVO einzuschr\u00e4nken<\/li>\r\n<li>das Recht auf Daten\u00fcbertragbarkeit gem\u00e4\u00df Art. 20 der DSGVO<\/li>\r\n<li>das Recht den Einspruch gegen die Verarbeitung gem\u00e4\u00df Art. 21 der DSGVO einzulegen<\/li>\r\n<li>das Recht, die Zustimmung zur Verarbeitung personenbezogener Daten schriftlich oder elektronisch an die oben genannte Adresse oder E-Mail-Adresse des Verwalters zu widerrufen.<\/li>\r\n<\/ul>\r\n<p>&nbsp;<\/p>\r\n<p>12. Der K\u00e4ufer hat das Recht, eine Beschwerde beim Amt zum Schutz personenbezogener Daten einzureichen, wenn er der Ansicht ist, dass sein Recht auf Schutz personenbezogener Daten verletzt wurde.<\/p>\r\n<p>&nbsp;<\/p>\r\n<p>13. Sicherheitsbedingungen f\u00fcr personenbezogene Daten:<\/p>\r\n<p>Der Verwalter erkl\u00e4rt, dass er alle geeigneten technischen und organisatorischen Ma\u00dfnahmen zur Sicherung personenbezogener Daten getroffen hat.<\/p>\r\n<p>Der Verwalter hat technische Ma\u00dfnahmen zur Sicherung der Datenspeicher und Speicher der personenbezogenen Daten in Papierform ergriffen.<\/p>\r\n<p>Der Verwalter erkl\u00e4rt, dass zu den personenbezogenen Daten nur die von ihm beauftragten Personen \u00a0Zutritt haben.<\/p>\r\n<p>&nbsp;<\/p>\r\n<p>14. Mit dem Absenden der Bestellung \u00fcber die Webseiten des Verk\u00e4ufers best\u00e4tigt der K\u00e4ufer, dass er die Gesch\u00e4ftsbedingungen zum Schutz personenbezogener Daten gelesen hat und diese vollst\u00e4ndig akzeptiert.<\/p>\r\n<p>&nbsp;<\/p>\r\n<p>15. Die Bedingungen f\u00fcr den Schutz personenbezogener Daten werden auch auf den Webseiten des Verk\u00e4ufers ver\u00f6ffentlicht.<\/p>\r\n<p>&nbsp;<\/p>\r\n<p>&nbsp;<\/p>\r\n<p>Diese Bedingungen treten am 1.6.2021 in Kraft.<\/p>\r\n<p>&nbsp;<\/p>","protected":false},"excerpt":{"rendered":"<p>1. Der Verwalter der personenbezogenen Daten nach Art. 4 Absatz 7 der Verordnung des Europ\u00e4ischen Parlaments und des Rates (EU) 2016\/679 vom 27.\u00a0April 2016 \u00fcber den Schutz der physischen Personen im Zusammenhang mit der Verarbeitung der personenbezogenen Daten und Datenschutz-Grundverordnung (im Folgendem als \u201eDSGDO\u201c bezeichnet) ist ein Online-Shop: https:\/\/eshop.honnerdesign.com\/de\/, verwaltet von Ji\u0159\u00ed Honner (im Folgenden<\/p>\n<div><a class=\"btn-filled btn\" href=\"https:\/\/custom.honnerdesign.com\/de\/zasady-ochrany-osobnich-udaju\/\" title=\"Bedingungen zum Schutz personenbezogener Daten\">Read More<\/a><\/div>\n","protected":false},"author":1,"featured_media":0,"parent":0,"menu_order":0,"comment_status":"closed","ping_status":"closed","template":"","meta":[],"_links":{"self":[{"href":"https:\/\/custom.honnerdesign.com\/de\/wp-json\/wp\/v2\/pages\/256"}],"collection":[{"href":"https:\/\/custom.honnerdesign.com\/de\/wp-json\/wp\/v2\/pages"}],"about":[{"href":"https:\/\/custom.honnerdesign.com\/de\/wp-json\/wp\/v2\/types\/page"}],"author":[{"embeddable":true,"href":"https:\/\/custom.honnerdesign.com\/de\/wp-json\/wp\/v2\/users\/1"}],"replies":[{"embeddable":true,"href":"https:\/\/custom.honnerdesign.com\/de\/wp-json\/wp\/v2\/comments?post=256"}],"version-history":[{"count":2,"href":"https:\/\/custom.honnerdesign.com\/de\/wp-json\/wp\/v2\/pages\/256\/revisions"}],"predecessor-version":[{"id":260,"href":"https:\/\/custom.honnerdesign.com\/de\/wp-json\/wp\/v2\/pages\/256\/revisions\/260"}],"wp:attachment":[{"href":"https:\/\/custom.honnerdesign.com\/de\/wp-json\/wp\/v2\/media?parent=256"}],"curies":[{"name":"wp","href":"https:\/\/api.w.org\/{rel}","templated":true}]}}